{"id":89077,"date":"2021-01-08T13:53:24","date_gmt":"2021-01-08T12:53:24","guid":{"rendered":"https:\/\/daristoteles.com\/politica-de-privacitat\/"},"modified":"2021-02-03T18:32:47","modified_gmt":"2021-02-03T17:32:47","slug":"politica-de-privacitat","status":"publish","type":"page","link":"https:\/\/daristoteles.com\/ca\/politica-de-privacitat\/","title":{"rendered":"Pol\u00edtica de Privacitat"},"content":{"rendered":"<div class=\"wpb-content-wrapper\"><p>[vc_row row_height_percent=&#8221;0&#8243; override_padding=&#8221;yes&#8221; h_padding=&#8221;7&#8243; top_padding=&#8221;3&#8243; bottom_padding=&#8221;2&#8243; overlay_alpha=&#8221;50&#8243; gutter_size=&#8221;3&#8243; column_width_percent=&#8221;100&#8243; shift_y=&#8221;0&#8243; z_index=&#8221;0&#8243;][vc_column column_width_percent=&#8221;100&#8243; gutter_size=&#8221;3&#8243; overlay_alpha=&#8221;50&#8243; shift_x=&#8221;0&#8243; shift_y=&#8221;0&#8243; z_index=&#8221;0&#8243; medium_width=&#8221;0&#8243;][vc_custom_heading text_size=&#8221;h4&#8243; text_weight=&#8221;800&#8243; text_space=&#8221;fontspace-781688&#8243;]<strong>1. TITULARITAT DEL WEB<\/strong>[\/vc_custom_heading][vc_column_text]<\/p>\n<p class=\"p2\">La p\u00e0gina web &#8220;https:\/\/daristoteles.com&#8221; \u00e9s titularitat de DARISTOTELES, S.L. (En endavant Daristoteles), societat mercantil amb domicili situat en carrer Direcci\u00f3 FISCAL, amb NIF: XXXXXXXXX, inscrita al Registre Mercantil de Barcelona. Correu electr\u00f2nic de contacte:<\/p>\n<p>[\/vc_column_text][\/vc_column][\/vc_row][vc_row row_height_percent=&#8221;0&#8243; override_padding=&#8221;yes&#8221; h_padding=&#8221;7&#8243; top_padding=&#8221;2&#8243; bottom_padding=&#8221;2&#8243; overlay_alpha=&#8221;50&#8243; gutter_size=&#8221;3&#8243; column_width_percent=&#8221;100&#8243; shift_y=&#8221;0&#8243; z_index=&#8221;0&#8243;][vc_column column_width_percent=&#8221;100&#8243; gutter_size=&#8221;3&#8243; overlay_alpha=&#8221;50&#8243; shift_x=&#8221;0&#8243; shift_y=&#8221;0&#8243; z_index=&#8221;0&#8243; medium_width=&#8221;0&#8243;][vc_custom_heading text_size=&#8221;h4&#8243; text_weight=&#8221;800&#8243; text_space=&#8221;fontspace-781688&#8243;]<strong>2. ABAST DE L&#8217;AV\u00cdS LEGAL<\/strong>[\/vc_custom_heading][vc_column_text]<\/p>\n<p class=\"p2\">Aquest av\u00eds legal estableix les condicions generals que regulen tant l&#8217;acc\u00e9s, com la navegaci\u00f3, aix\u00ed com l&#8217;\u00fas dels continguts de la present web.<\/p>\n<p class=\"p2\">La informaci\u00f3 continguda en aquesta p\u00e0gina web fa refer\u00e8ncia als serveis comercialitzats per Daristoteles. Aquesta informaci\u00f3 nom\u00e9s \u00e9s a efectes enunciatius i de cap manera constitueix una oferta vinculant que obligui a l&#8217;usuari a contractar els serveis. Daristoteles es reserva el dret de modificar la informaci\u00f3 aqu\u00ed continguda quan ho consideri convenient i sense previ av\u00eds, i no \u00e9s responsable de l&#8217;exactitud, insufici\u00e8ncia o autenticitat de la informaci\u00f3 subministrada.<\/p>\n<p class=\"p2\">Al seu torn es reserva el dret a modificar el contingut de el present av\u00eds legal. Per tant, l&#8217;Usuari ha de llegir atentament el present Av\u00eds Legal en cadascuna de les ocasions en qu\u00e8 es proposi utilitzar el lloc web, ja que aquest i les seves condicions d&#8217;\u00fas recollides en el present Av\u00eds Legal poden patir modificacions<\/p>\n<p class=\"p2\">La prestaci\u00f3 de servei d&#8217;aquest lloc web t\u00e9 una durada limitada a el moment en qu\u00e8 l&#8217;Usuari es trobi connectat a el lloc web o a algun dels serveis que a trav\u00e9s del mateix es faciliten.<\/p>\n<p>[\/vc_column_text][\/vc_column][\/vc_row][vc_row row_height_percent=&#8221;0&#8243; override_padding=&#8221;yes&#8221; h_padding=&#8221;7&#8243; top_padding=&#8221;2&#8243; bottom_padding=&#8221;2&#8243; overlay_alpha=&#8221;50&#8243; gutter_size=&#8221;3&#8243; column_width_percent=&#8221;100&#8243; shift_y=&#8221;0&#8243; z_index=&#8221;0&#8243;][vc_column column_width_percent=&#8221;100&#8243; gutter_size=&#8221;3&#8243; overlay_alpha=&#8221;50&#8243; shift_x=&#8221;0&#8243; shift_y=&#8221;0&#8243; z_index=&#8221;0&#8243; medium_width=&#8221;0&#8243;][vc_custom_heading text_size=&#8221;h4&#8243; text_weight=&#8221;800&#8243; text_space=&#8221;fontspace-781688&#8243;]<strong>3. CONDICIONS DEL \u00daS DEL WEB<\/strong>[\/vc_custom_heading][vc_column_text]<\/p>\n<p class=\"p2\">Amb el simple acc\u00e9s, la navegaci\u00f3 o la utilitzaci\u00f3 de la p\u00e0gina web, es t\u00e9 la condici\u00f3 d&#8217;usuari. L&#8217;usuari accepta de forma plena i sense cap tipus de reserva les condicions contingudes en el present av\u00eds legal.<\/p>\n<p class=\"p2\">L&#8217;usuari es compromet a utilitzar el lloc web juntament amb els seus serveis i continguts, de forma l\u00edcita, d&#8217;acord amb la legislaci\u00f3 vigent, els usos generalment acceptats, la bona fe i l&#8217;ordre p\u00fablic.<\/p>\n<p class=\"p2\">L&#8217;usuari es compromet a no realitzar accions que puguin causar danys a la p\u00e0gina web, inutiliz\u00e1ndola, sobrecarg\u00e1ndola o deteriorant-de qualsevol manera, o impedint als altres usuaris el lliure acc\u00e9s, utilitzaci\u00f3 o gaudi de la p\u00e0gina web.<\/p>\n<p>[\/vc_column_text][\/vc_column][\/vc_row][vc_row row_height_percent=&#8221;0&#8243; override_padding=&#8221;yes&#8221; h_padding=&#8221;7&#8243; top_padding=&#8221;2&#8243; bottom_padding=&#8221;2&#8243; overlay_alpha=&#8221;50&#8243; gutter_size=&#8221;3&#8243; column_width_percent=&#8221;100&#8243; shift_y=&#8221;0&#8243; z_index=&#8221;0&#8243;][vc_column column_width_percent=&#8221;100&#8243; gutter_size=&#8221;3&#8243; overlay_alpha=&#8221;50&#8243; shift_x=&#8221;0&#8243; shift_y=&#8221;0&#8243; z_index=&#8221;0&#8243; medium_width=&#8221;0&#8243;][vc_custom_heading text_size=&#8221;h4&#8243; text_weight=&#8221;800&#8243; text_space=&#8221;fontspace-781688&#8243;]<strong>4. PROPIETAT INTEL\u00b7LECTUAL I \u00daS DE CONTINGUTS<\/strong>[\/vc_custom_heading][vc_column_text]<\/p>\n<p class=\"p2\">Daristoteles \u00e9s titular dels drets de propietat intel\u00b7lectual i industrial d&#8217;aquesta p\u00e0gina web i de tots els seus continguts (a t\u00edtol merament enunciatiu: textos, fotografies i altres continguts audiovisuals, programari, disseny gr\u00e0fic, etc.) o compte amb la corresponent llic\u00e8ncia o autoritzaci\u00f3 per al seu \u00fas. L&#8217;acc\u00e9s a la navegaci\u00f3 per i l&#8217;\u00fas d&#8217;aquest lloc web per part de l&#8217;usuari no impliquen en cap cas ren\u00fancia, transmissi\u00f3, llic\u00e8ncia ni cessi\u00f3 total o parcial d&#8217;aquells.<\/p>\n<p class=\"p2\">Queda prohibit reproduir, modificar, reutilitzar, explotar, comunicar p\u00fablicament, carregar arxius, enviar per correu, transmetre, usar, tractar o distribuir de qualsevol forma la totalitat o part dels continguts inclosos en aquesta p\u00e0gina web per a prop\u00f2sits p\u00fablics o comercials, si no es compta amb l&#8217;autoritzaci\u00f3 expressa i per escrit de Daristoteles. El logotip &#8220;DARISTOTELES&#8221; \u00e9s una marca registrada propietat de Daristoteles. Queda totalment prohibida la seva reproducci\u00f3 o \u00fas sense l&#8217;autoritzaci\u00f3 per escrit del seu titular.<\/p>\n<p>[\/vc_column_text][\/vc_column][\/vc_row][vc_row row_height_percent=&#8221;0&#8243; override_padding=&#8221;yes&#8221; h_padding=&#8221;7&#8243; top_padding=&#8221;2&#8243; bottom_padding=&#8221;2&#8243; overlay_alpha=&#8221;50&#8243; gutter_size=&#8221;3&#8243; column_width_percent=&#8221;100&#8243; shift_y=&#8221;0&#8243; z_index=&#8221;0&#8243;][vc_column column_width_percent=&#8221;100&#8243; gutter_size=&#8221;3&#8243; overlay_alpha=&#8221;50&#8243; shift_x=&#8221;0&#8243; shift_y=&#8221;0&#8243; z_index=&#8221;0&#8243; medium_width=&#8221;0&#8243;][vc_custom_heading text_size=&#8221;h4&#8243; text_weight=&#8221;800&#8243; text_space=&#8221;fontspace-781688&#8243;]<strong>5. ENLLA\u00c7OS<\/strong>[\/vc_custom_heading][vc_column_text]<\/p>\n<h5 class=\"p2\"><strong>5.1. ENLLA\u00c7OS A ALTRES P\u00c0GINES WEB EXTERNES<\/strong><\/h5>\n<p class=\"p2\">Daristoteles rebutja la responsabilitat sobre tota informaci\u00f3 present a la World Wide Web no elaborada per Daristoteles o no publicada sota el seu nom. La p\u00e0gina web pot contenir enlla\u00e7os d&#8217;hipertext cap a altres p\u00e0gines de la World Wide Web que s\u00f3n completament independents d&#8217;aquesta p\u00e0gina web. Daristoteles no respondr\u00e0 o garantir\u00e0, de cap manera, l&#8217;exactitud, insufici\u00e8ncia o autenticitat de la informaci\u00f3 subministrada per qualsevol persona o entitat, f\u00edsica o jur\u00eddica, amb o sense personalitat jur\u00eddica pr\u00f2pia, a trav\u00e9s d&#8217;aquests enlla\u00e7os d&#8217;hipertext.<\/p>\n<h5 class=\"p2\"><strong>5.2. ENLLA\u00c7OS EXTERNS AMB DESTINACI\u00d3 A LES P\u00c0GINES WEB BLACKSTONE<\/strong><\/h5>\n<p class=\"p2\">Si qualsevol altre lloc web, usuari o entitat, desitg\u00e9s establir un link amb destinaci\u00f3 a &#8220;daristoteles.com&#8221;, aquest enlla\u00e7 s&#8217;haur\u00e0 de sotmetre a les condicions que a continuaci\u00f3 es detallen:<\/p>\n<ol>\n<li class=\"p2\">El link anir\u00e0 dirigit a la p\u00e0gina principal o a qualsevol de les seves seccions. El link, en qualsevol cas ha de ser absolut i complet portant a l&#8217;usuari amb un sol clic a l&#8217;URL de la p\u00e0gina principal o a la URL de qualsevol de les seves seccions. El link ha d&#8217;incloure tota l&#8217;extensi\u00f3 de pantalla de l&#8217;portal de &#8220;daristoteles.com&#8221;<\/li>\n<li class=\"p2\">En cap cas, excepte expressa autoritzaci\u00f3 per escrit per part de Daristoteles, el lloc web que estableix l&#8217;enlla\u00e7 podr\u00e0 reproduir de qualsevol manera &#8220;daristoteles.com&#8221;, incloent-ho com a part integrant del seu web, utilitzant marcs, redireccionaments o qualsevol altra mesura que suposi ocultar l&#8217;origen de la informaci\u00f3.<\/li>\n<li class=\"p2\">No s&#8217;autoritza l&#8217;establiment de links a &#8220;daristoteles.com&#8221;, des de llocs web que continguin continguts il\u00b7l\u00edcits, il\u00b7legals, degradants o obscens, contravenint la moral o l&#8217;ordre p\u00fablic.<\/li>\n<\/ol>\n<p class=\"p2\">El servei d&#8217;acc\u00e9s a el lloc web inclou dispositius t\u00e8cnics d&#8217;enlla\u00e7, directoris i fins i tot instruments de recerca que permeten l&#8217;Usuari accedir a altres p\u00e0gines i portals d&#8217;Internet (en endavant, &#8216;Llocs enlla\u00e7ats&#8217;). En aquests casos, Daristoteles actua com a prestador de serveis d&#8217;intermediaci\u00f3 de conformitat amb l&#8217;article 17 de la LSSI-CE i nom\u00e9s ser\u00e0 responsable dels continguts i serveis subministrats als llocs enlla\u00e7ats en la mesura que tingui coneixement efectiu de la il\u00b7licitud i no hagi desactivat l&#8217;enlla\u00e7 amb la dilig\u00e8ncia deguda. En el cas que l&#8217;Usuari consideri que existeix un Lloc Enlla\u00e7at amb continguts il\u00b7l\u00edcits o inadequats podr\u00e0 comunicar a Daristoteles enviant un missatge a toni@blackstonebarcelona.com, sense que en cap cas aquesta comunicaci\u00f3 comporti l&#8217;obligaci\u00f3 de retirar el corresponent enlla\u00e7.<\/p>\n<p class=\"p2\">En cap cas, l&#8217;exist\u00e8ncia de Llocs Enlla\u00e7ats ha de pressuposar l&#8217;exist\u00e8ncia d&#8217;acords amb els responsables o titulars dels mateixos, ni la recomanaci\u00f3, promoci\u00f3 o identificaci\u00f3 de Daristoteles amb les manifestacions, continguts o serveis prove\u00efts.<\/p>\n<p class=\"p2\">Daristoteles no coneix els continguts i serveis dels Llocs Enlla\u00e7ats i per tant no es fa responsable pels danys produ\u00efts per la il\u00b7licitud, qualitat, desactualitzaci\u00f3, indisponibilitat, error i inutilitat dels continguts i \/ o serveis dels llocs enlla\u00e7ats ni per qualsevol altre dany que no sigui directament imputable a Daristoteles.<\/p>\n<p>[\/vc_column_text][\/vc_column][\/vc_row][vc_row row_height_percent=&#8221;0&#8243; override_padding=&#8221;yes&#8221; h_padding=&#8221;7&#8243; top_padding=&#8221;2&#8243; bottom_padding=&#8221;2&#8243; overlay_alpha=&#8221;50&#8243; gutter_size=&#8221;3&#8243; column_width_percent=&#8221;100&#8243; shift_y=&#8221;0&#8243; z_index=&#8221;0&#8243;][vc_column column_width_percent=&#8221;100&#8243; gutter_size=&#8221;3&#8243; overlay_alpha=&#8221;50&#8243; shift_x=&#8221;0&#8243; shift_y=&#8221;0&#8243; z_index=&#8221;0&#8243; medium_width=&#8221;0&#8243;][vc_custom_heading text_size=&#8221;h4&#8243; text_weight=&#8221;800&#8243; text_space=&#8221;fontspace-781688&#8243;]<strong>6. EXCLUSI\u00d3 DE RESPONSABILITAT<\/strong>[\/vc_custom_heading][vc_column_text]<\/p>\n<p class=\"p2\">La responsabilitat en l&#8217;\u00fas d&#8217;aquest Lloc Web correspon de forma \u00fanica i exclusiva a l&#8217;Usuari.<\/p>\n<p class=\"p2\">Daristoteles no es fa responsable, en cap cas, dels danys i perjudicis de qualsevol naturalesa que poguessin causar-se per:<\/p>\n<ol>\n<li class=\"p2\">La no disponibilitat, manteniment i funcionament del Lloc web o dels seus serveis o continguts, ja que requereix de subministraments i serveis de tercers.<\/li>\n<li class=\"p2\">Els errors i omissions en la informaci\u00f3 publicada aix\u00ed com la falta d&#8217;utilitat, adequaci\u00f3 o validesa del lloc web o dels seus serveis o continguts per satisfer necessitats, activitats o resultats concrets o expectatives dels Usuaris.<\/li>\n<\/ol>\n<p class=\"p2\">L&#8217;acc\u00e9s a l&#8217;Portal no implica l&#8217;obligaci\u00f3 per part de Daristoteles de controlar l&#8217;abs\u00e8ncia de virus o qualsevol altre element inform\u00e0tic dany\u00f3s. Correspon a l&#8217;Usuari, en tot cas, la disponibilitat d&#8217;eines adequades per a la detecci\u00f3 i desinfecci\u00f3 de programes<\/p>\n<p class=\"p2\">inform\u00e0tics nocius. Blackstone no es responsabilitza dels danys produ\u00efts en els equips inform\u00e0tics dels Usuaris o de tercers durant l&#8217;\u00fas de el lloc web.<\/p>\n<p>[\/vc_column_text][\/vc_column][\/vc_row][vc_row row_height_percent=&#8221;0&#8243; override_padding=&#8221;yes&#8221; h_padding=&#8221;7&#8243; top_padding=&#8221;2&#8243; bottom_padding=&#8221;4&#8243; overlay_alpha=&#8221;50&#8243; gutter_size=&#8221;3&#8243; column_width_percent=&#8221;100&#8243; shift_y=&#8221;0&#8243; z_index=&#8221;0&#8243;][vc_column column_width_percent=&#8221;100&#8243; gutter_size=&#8221;3&#8243; overlay_alpha=&#8221;50&#8243; shift_x=&#8221;0&#8243; shift_y=&#8221;0&#8243; z_index=&#8221;0&#8243; medium_width=&#8221;0&#8243;][vc_custom_heading text_size=&#8221;h4&#8243; text_weight=&#8221;800&#8243; text_space=&#8221;fontspace-781688&#8243;]<strong>7. LEGISLACI\u00d3<\/strong>[\/vc_custom_heading][vc_column_text]<\/p>\n<p class=\"p2\">El present Av\u00eds Legal es regeix en tots i cadascun dels seus extrems per la llei espanyola.<\/p>\n<p>[\/vc_column_text][\/vc_column][\/vc_row]<\/p>\n<\/div>","protected":false},"excerpt":{"rendered":"<p>[vc_row row_height_percent=&#8221;0&#8243; override_padding=&#8221;yes&#8221; h_padding=&#8221;7&#8243; top_padding=&#8221;3&#8243; bottom_padding=&#8221;2&#8243; overlay_alpha=&#8221;50&#8243; gutter_size=&#8221;3&#8243; column_width_percent=&#8221;100&#8243; shift_y=&#8221;0&#8243; z_index=&#8221;0&#8243;][vc_column column_width_percent=&#8221;100&#8243; gutter_size=&#8221;3&#8243; overlay_alpha=&#8221;50&#8243; shift_x=&#8221;0&#8243; shift_y=&#8221;0&#8243; z_index=&#8221;0&#8243; medium_width=&#8221;0&#8243;][vc_custom_heading text_size=&#8221;h4&#8243; text_weight=&#8221;800&#8243; [&hellip;]<\/p>\n","protected":false},"author":1,"featured_media":0,"parent":0,"menu_order":0,"comment_status":"closed","ping_status":"closed","template":"","meta":{"footnotes":""},"class_list":["post-89077","page","type-page","status-publish","hentry"],"yoast_head":"<!-- This site is optimized with the Yoast SEO plugin v27.4 - https:\/\/yoast.com\/product\/yoast-seo-wordpress\/ -->\n<title>Pol\u00edtica de Privacitat - Daristoteles<\/title>\n<meta name=\"robots\" content=\"index, follow, max-snippet:-1, max-image-preview:large, max-video-preview:-1\" \/>\n<link rel=\"canonical\" href=\"https:\/\/daristoteles.com\/ca\/politica-de-privacitat\/\" \/>\n<meta property=\"og:locale\" content=\"ca_ES\" \/>\n<meta property=\"og:type\" content=\"article\" \/>\n<meta property=\"og:title\" content=\"Pol\u00edtica de Privacitat - Daristoteles\" \/>\n<meta property=\"og:description\" content=\"[vc_row row_height_percent=&#8221;0&#8243; override_padding=&#8221;yes&#8221; h_padding=&#8221;7&#8243; top_padding=&#8221;3&#8243; bottom_padding=&#8221;2&#8243; overlay_alpha=&#8221;50&#8243; gutter_size=&#8221;3&#8243; column_width_percent=&#8221;100&#8243; shift_y=&#8221;0&#8243; z_index=&#8221;0&#8243;][vc_column column_width_percent=&#8221;100&#8243; gutter_size=&#8221;3&#8243; overlay_alpha=&#8221;50&#8243; shift_x=&#8221;0&#8243; shift_y=&#8221;0&#8243; z_index=&#8221;0&#8243; medium_width=&#8221;0&#8243;][vc_custom_heading text_size=&#8221;h4&#8243; text_weight=&#8221;800&#8243; [&hellip;]\" \/>\n<meta property=\"og:url\" content=\"https:\/\/daristoteles.com\/ca\/politica-de-privacitat\/\" \/>\n<meta property=\"og:site_name\" content=\"Daristoteles\" \/>\n<meta property=\"article:modified_time\" content=\"2021-02-03T17:32:47+00:00\" \/>\n<meta name=\"twitter:card\" content=\"summary_large_image\" \/>\n<meta name=\"twitter:label1\" content=\"Temps estimat de lectura\" \/>\n\t<meta name=\"twitter:data1\" content=\"8 minuts\" \/>\n<script type=\"application\/ld+json\" class=\"yoast-schema-graph\">{\"@context\":\"https:\\\/\\\/schema.org\",\"@graph\":[{\"@type\":\"WebPage\",\"@id\":\"https:\\\/\\\/daristoteles.com\\\/ca\\\/politica-de-privacitat\\\/\",\"url\":\"https:\\\/\\\/daristoteles.com\\\/ca\\\/politica-de-privacitat\\\/\",\"name\":\"Pol\u00edtica de Privacitat - Daristoteles\",\"isPartOf\":{\"@id\":\"https:\\\/\\\/daristoteles.com\\\/ca\\\/#website\"},\"datePublished\":\"2021-01-08T12:53:24+00:00\",\"dateModified\":\"2021-02-03T17:32:47+00:00\",\"breadcrumb\":{\"@id\":\"https:\\\/\\\/daristoteles.com\\\/ca\\\/politica-de-privacitat\\\/#breadcrumb\"},\"inLanguage\":\"ca\",\"potentialAction\":[{\"@type\":\"ReadAction\",\"target\":[\"https:\\\/\\\/daristoteles.com\\\/ca\\\/politica-de-privacitat\\\/\"]}]},{\"@type\":\"BreadcrumbList\",\"@id\":\"https:\\\/\\\/daristoteles.com\\\/ca\\\/politica-de-privacitat\\\/#breadcrumb\",\"itemListElement\":[{\"@type\":\"ListItem\",\"position\":1,\"name\":\"Portada\",\"item\":\"https:\\\/\\\/daristoteles.com\\\/ca\\\/\"},{\"@type\":\"ListItem\",\"position\":2,\"name\":\"Pol\u00edtica de Privacitat\"}]},{\"@type\":\"WebSite\",\"@id\":\"https:\\\/\\\/daristoteles.com\\\/ca\\\/#website\",\"url\":\"https:\\\/\\\/daristoteles.com\\\/ca\\\/\",\"name\":\"Daristoteles\",\"description\":\"Creative Films\",\"potentialAction\":[{\"@type\":\"SearchAction\",\"target\":{\"@type\":\"EntryPoint\",\"urlTemplate\":\"https:\\\/\\\/daristoteles.com\\\/ca\\\/?s={search_term_string}\"},\"query-input\":{\"@type\":\"PropertyValueSpecification\",\"valueRequired\":true,\"valueName\":\"search_term_string\"}}],\"inLanguage\":\"ca\"}]}<\/script>\n<!-- \/ Yoast SEO plugin. -->","yoast_head_json":{"title":"Pol\u00edtica de Privacitat - Daristoteles","robots":{"index":"index","follow":"follow","max-snippet":"max-snippet:-1","max-image-preview":"max-image-preview:large","max-video-preview":"max-video-preview:-1"},"canonical":"https:\/\/daristoteles.com\/ca\/politica-de-privacitat\/","og_locale":"ca_ES","og_type":"article","og_title":"Pol\u00edtica de Privacitat - Daristoteles","og_description":"[vc_row row_height_percent=&#8221;0&#8243; override_padding=&#8221;yes&#8221; h_padding=&#8221;7&#8243; top_padding=&#8221;3&#8243; bottom_padding=&#8221;2&#8243; overlay_alpha=&#8221;50&#8243; gutter_size=&#8221;3&#8243; column_width_percent=&#8221;100&#8243; shift_y=&#8221;0&#8243; z_index=&#8221;0&#8243;][vc_column column_width_percent=&#8221;100&#8243; gutter_size=&#8221;3&#8243; overlay_alpha=&#8221;50&#8243; shift_x=&#8221;0&#8243; shift_y=&#8221;0&#8243; z_index=&#8221;0&#8243; medium_width=&#8221;0&#8243;][vc_custom_heading text_size=&#8221;h4&#8243; text_weight=&#8221;800&#8243; [&hellip;]","og_url":"https:\/\/daristoteles.com\/ca\/politica-de-privacitat\/","og_site_name":"Daristoteles","article_modified_time":"2021-02-03T17:32:47+00:00","twitter_card":"summary_large_image","twitter_misc":{"Temps estimat de lectura":"8 minuts"},"schema":{"@context":"https:\/\/schema.org","@graph":[{"@type":"WebPage","@id":"https:\/\/daristoteles.com\/ca\/politica-de-privacitat\/","url":"https:\/\/daristoteles.com\/ca\/politica-de-privacitat\/","name":"Pol\u00edtica de Privacitat - Daristoteles","isPartOf":{"@id":"https:\/\/daristoteles.com\/ca\/#website"},"datePublished":"2021-01-08T12:53:24+00:00","dateModified":"2021-02-03T17:32:47+00:00","breadcrumb":{"@id":"https:\/\/daristoteles.com\/ca\/politica-de-privacitat\/#breadcrumb"},"inLanguage":"ca","potentialAction":[{"@type":"ReadAction","target":["https:\/\/daristoteles.com\/ca\/politica-de-privacitat\/"]}]},{"@type":"BreadcrumbList","@id":"https:\/\/daristoteles.com\/ca\/politica-de-privacitat\/#breadcrumb","itemListElement":[{"@type":"ListItem","position":1,"name":"Portada","item":"https:\/\/daristoteles.com\/ca\/"},{"@type":"ListItem","position":2,"name":"Pol\u00edtica de Privacitat"}]},{"@type":"WebSite","@id":"https:\/\/daristoteles.com\/ca\/#website","url":"https:\/\/daristoteles.com\/ca\/","name":"Daristoteles","description":"Creative Films","potentialAction":[{"@type":"SearchAction","target":{"@type":"EntryPoint","urlTemplate":"https:\/\/daristoteles.com\/ca\/?s={search_term_string}"},"query-input":{"@type":"PropertyValueSpecification","valueRequired":true,"valueName":"search_term_string"}}],"inLanguage":"ca"}]}},"_links":{"self":[{"href":"https:\/\/daristoteles.com\/ca\/wp-json\/wp\/v2\/pages\/89077","targetHints":{"allow":["GET"]}}],"collection":[{"href":"https:\/\/daristoteles.com\/ca\/wp-json\/wp\/v2\/pages"}],"about":[{"href":"https:\/\/daristoteles.com\/ca\/wp-json\/wp\/v2\/types\/page"}],"author":[{"embeddable":true,"href":"https:\/\/daristoteles.com\/ca\/wp-json\/wp\/v2\/users\/1"}],"replies":[{"embeddable":true,"href":"https:\/\/daristoteles.com\/ca\/wp-json\/wp\/v2\/comments?post=89077"}],"version-history":[{"count":17,"href":"https:\/\/daristoteles.com\/ca\/wp-json\/wp\/v2\/pages\/89077\/revisions"}],"predecessor-version":[{"id":89455,"href":"https:\/\/daristoteles.com\/ca\/wp-json\/wp\/v2\/pages\/89077\/revisions\/89455"}],"wp:attachment":[{"href":"https:\/\/daristoteles.com\/ca\/wp-json\/wp\/v2\/media?parent=89077"}],"curies":[{"name":"wp","href":"https:\/\/api.w.org\/{rel}","templated":true}]}}