{"id":89027,"date":"2021-01-08T12:53:36","date_gmt":"2021-01-08T11:53:36","guid":{"rendered":"https:\/\/daristoteles.com\/nosaltres\/"},"modified":"2021-02-03T13:24:24","modified_gmt":"2021-02-03T12:24:24","slug":"nosaltres","status":"publish","type":"page","link":"https:\/\/daristoteles.com\/ca\/nosaltres\/","title":{"rendered":"Nosaltres"},"content":{"rendered":"<div class=\"wpb-content-wrapper\"><p>[vc_row unlock_row_content=&#8221;yes&#8221; row_height_percent=&#8221;73&#8243; override_padding=&#8221;yes&#8221; h_padding=&#8221;0&#8243; top_padding=&#8221;0&#8243; bottom_padding=&#8221;0&#8243; overlay_alpha=&#8221;50&#8243; equal_height=&#8221;yes&#8221; gutter_size=&#8221;0&#8243; column_width_percent=&#8221;100&#8243; shift_y=&#8221;0&#8243; z_index=&#8221;0&#8243;][vc_column column_width_percent=&#8221;100&#8243; position_vertical=&#8221;middle&#8221; gutter_size=&#8221;3&#8243; override_padding=&#8221;yes&#8221; column_padding=&#8221;4&#8243; overlay_alpha=&#8221;50&#8243; shift_x=&#8221;0&#8243; shift_y=&#8221;0&#8243; shift_y_down=&#8221;0&#8243; z_index=&#8221;0&#8243; medium_width=&#8221;0&#8243; mobile_width=&#8221;0&#8243; width=&#8221;1\/3&#8243;][vc_custom_heading heading_semantic=&#8221;h3&#8243; text_font=&#8221;font-762333&#8243; text_size=&#8221;h3&#8243; text_weight=&#8221;800&#8243; text_transform=&#8221;uppercase&#8221; text_space=&#8221;fontspace-781688&#8243; separator=&#8221;yes&#8221; separator_color=&#8221;yes&#8221;]Qu\u00e8 fem[\/vc_custom_heading][vc_column_text]Portem m\u00e9s de 25 anys creant, produint i realitzant projectes audiovisuals i no ens cansem d&#8217;aprendre, d&#8217;innovar, de tractar sempre d&#8217;estar un pas m\u00e9s enll\u00e0. Ens motiva, i molt, seguir sorprenent, generar confian\u00e7a, vincular-nos i compartir els valors i les necessitats dels nostres clients. Senzillament &#8230; gaudim fent el que fem.[\/vc_column_text][\/vc_column][vc_column column_width_percent=&#8221;100&#8243; gutter_size=&#8221;3&#8243; back_image=&#8221;87915&#8243; parallax=&#8221;yes&#8221; overlay_alpha=&#8221;50&#8243; shift_x=&#8221;0&#8243; shift_y=&#8221;0&#8243; shift_y_down=&#8221;0&#8243; z_index=&#8221;0&#8243; medium_width=&#8221;0&#8243; mobile_width=&#8221;0&#8243; width=&#8221;2\/3&#8243; mobile_height=&#8221;300&#8243;][\/vc_column][\/vc_row][vc_row unlock_row_content=&#8221;yes&#8221; row_height_percent=&#8221;75&#8243; override_padding=&#8221;yes&#8221; h_padding=&#8221;0&#8243; top_padding=&#8221;0&#8243; bottom_padding=&#8221;0&#8243; overlay_alpha=&#8221;50&#8243; equal_height=&#8221;yes&#8221; gutter_size=&#8221;0&#8243; column_width_percent=&#8221;100&#8243; shift_y=&#8221;0&#8243; z_index=&#8221;0&#8243; inverted_device_order=&#8221;yes&#8221;][vc_column column_width_percent=&#8221;100&#8243; gutter_size=&#8221;3&#8243; back_image=&#8221;87854&#8243; parallax=&#8221;yes&#8221; overlay_alpha=&#8221;50&#8243; shift_x=&#8221;0&#8243; shift_y=&#8221;0&#8243; shift_y_down=&#8221;0&#8243; z_index=&#8221;0&#8243; medium_width=&#8221;0&#8243; mobile_width=&#8221;0&#8243; width=&#8221;2\/3&#8243; mobile_height=&#8221;300&#8243; el_class=&#8221;inverted-order-device&#8221;][\/vc_column][vc_column column_width_percent=&#8221;100&#8243; position_vertical=&#8221;middle&#8221; gutter_size=&#8221;3&#8243; override_padding=&#8221;yes&#8221; column_padding=&#8221;4&#8243; overlay_alpha=&#8221;50&#8243; shift_x=&#8221;0&#8243; shift_y=&#8221;0&#8243; shift_y_down=&#8221;0&#8243; z_index=&#8221;0&#8243; medium_width=&#8221;0&#8243; mobile_width=&#8221;0&#8243; width=&#8221;1\/3&#8243;][vc_custom_heading heading_semantic=&#8221;h3&#8243; text_font=&#8221;font-762333&#8243; text_size=&#8221;h3&#8243; text_weight=&#8221;800&#8243; text_transform=&#8221;uppercase&#8221; text_space=&#8221;fontspace-781688&#8243; separator=&#8221;yes&#8221; separator_color=&#8221;yes&#8221;]Com ho fem[\/vc_custom_heading][vc_column_text]Posem la nostra experi\u00e8ncia, coneixements i passi\u00f3 perqu\u00e8 puguis dur a terme les teves idees i projectes. Estudiem, analitzem i contrastem totes les teves necessitats per poder oferir-te la millor opci\u00f3 possible, tant en recursos humans, com a t\u00e8cnics. Volem superar les teves expectatives. El teu objectiu \u00e9s el nostre. El teu projecte \u00e9s el nostre projecte, ja sigui personal o professional, de curt o llarg recorregut, per RRSS o per TV. Per aix\u00f2, composem sempre el millor equip hum\u00e0 i t\u00e8cnic, totalment orientat a aconseguir un \u00f2ptim resultat final.[\/vc_column_text][\/vc_column][\/vc_row][vc_row unlock_row_content=&#8221;yes&#8221; row_height_percent=&#8221;0&#8243; override_padding=&#8221;yes&#8221; h_padding=&#8221;2&#8243; top_padding=&#8221;4&#8243; bottom_padding=&#8221;4&#8243; back_color=&#8221;accent&#8221; overlay_alpha=&#8221;0&#8243; gutter_size=&#8221;3&#8243; column_width_percent=&#8221;100&#8243; shift_y=&#8221;0&#8243; z_index=&#8221;0&#8243; desktop_visibility=&#8221;yes&#8221; medium_visibility=&#8221;yes&#8221; mobile_visibility=&#8221;yes&#8221; style=&#8221;inherited&#8221;][vc_column column_width_percent=&#8221;100&#8243; position_vertical=&#8221;middle&#8221; align_horizontal=&#8221;align_center&#8221; gutter_size=&#8221;3&#8243; style=&#8221;dark&#8221; font_family=&#8221;font-762333&#8243; overlay_alpha=&#8221;100&#8243; shift_x=&#8221;0&#8243; shift_y=&#8221;0&#8243; shift_y_down=&#8221;0&#8243; z_index=&#8221;0&#8243; medium_width=&#8221;0&#8243; mobile_width=&#8221;0&#8243; zoom_width=&#8221;0&#8243; zoom_height=&#8221;0&#8243; width=&#8221;1\/1&#8243;][vc_custom_heading text_font=&#8221;font-762333&#8243; text_size=&#8221;h3&#8243; text_weight=&#8221;800&#8243; text_transform=&#8221;uppercase&#8221; text_space=&#8221;fontspace-781688&#8243;]Qui ho fem[\/vc_custom_heading][\/vc_column][\/vc_row][vc_row unlock_row_content=&#8221;yes&#8221; row_height_percent=&#8221;0&#8243; override_padding=&#8221;yes&#8221; h_padding=&#8221;0&#8243; top_padding=&#8221;0&#8243; bottom_padding=&#8221;0&#8243; overlay_alpha=&#8221;100&#8243; gutter_size=&#8221;0&#8243; column_width_percent=&#8221;100&#8243; shift_y=&#8221;0&#8243; z_index=&#8221;0&#8243; desktop_visibility=&#8221;yes&#8221; medium_visibility=&#8221;yes&#8221; mobile_visibility=&#8221;yes&#8221; style=&#8221;inherited&#8221;][vc_column column_width_percent=&#8221;100&#8243; gutter_size=&#8221;3&#8243; font_family=&#8221;font-762333&#8243; overlay_alpha=&#8221;50&#8243; shift_x=&#8221;0&#8243; shift_y=&#8221;0&#8243; z_index=&#8221;0&#8243; medium_width=&#8221;0&#8243; width=&#8221;1\/1&#8243;][vc_gallery el_id=&#8221;gallery-3377778&#8243; medias=&#8221;13762,13762,12169,13762,12169,13762&#8243; style_preset=&#8221;metro&#8221; gallery_back_color=&#8221;color-wayh&#8221; gutter_size=&#8221;0&#8243; media_items=&#8221;media|lightbox|original,title,caption,team-social&#8221; screen_lg=&#8221;1000&#8243; screen_md=&#8221;1000&#8243; screen_sm=&#8221;100&#8243; single_height=&#8221;4&#8243; single_overlay_color=&#8221;color-wayh&#8221; single_overlay_coloration=&#8221;bottom_gradient&#8221; single_overlay_opacity=&#8221;80&#8243; single_text_anim_type=&#8221;btt&#8221; single_v_position=&#8221;bottom&#8221; single_padding=&#8221;2&#8243; single_text_reduced=&#8221;yes&#8221; single_title_dimension=&#8221;h4&#8243; single_title_weight=&#8221;900&#8243; single_title_transform=&#8221;capitalize&#8221; single_title_space=&#8221;fontspace-781688&#8243; single_border=&#8221;yes&#8221; single_css_animation=&#8221;bottom-t-top&#8221; single_animation_delay=&#8221;200&#8243; carousel_rtl=&#8221;&#8221; single_half_padding=&#8221;yes&#8221; single_title_uppercase=&#8221;&#8221; single_title_serif=&#8221;&#8221; single_no_background=&#8221;&#8221; items=&#8221;eyIxMzQwOF9pIjp7InNpbmdsZV93aWR0aCI6IjQiLCJzaW5nbGVfaGVpZ2h0IjoiNCJ9LCIxMzQwOV9pIjp7InNpbmdsZV93aWR0aCI6IjQiLCJzaW5nbGVfaGVpZ2h0IjoiNCJ9LCIxMzc2M19pIjp7InNpbmdsZV93aWR0aCI6IjQiLCJzaW5nbGVfaGVpZ2h0IjoiNCJ9LCIxMzc2Nl9pIjp7InNpbmdsZV93aWR0aCI6IjQiLCJzaW5nbGVfaGVpZ2h0IjoiNCJ9fQ==&#8221; title=&#8221;Team Members&#8221;][\/vc_column][\/vc_row][vc_row unlock_row_content=&#8221;yes&#8221; row_height_percent=&#8221;0&#8243; override_padding=&#8221;yes&#8221; h_padding=&#8221;3&#8243; top_padding=&#8221;3&#8243; bottom_padding=&#8221;3&#8243; overlay_alpha=&#8221;100&#8243; gutter_size=&#8221;3&#8243; column_width_percent=&#8221;100&#8243; border_color=&#8221;color-gyho&#8221; border_style=&#8221;solid&#8221; shift_y=&#8221;0&#8243; z_index=&#8221;0&#8243;][vc_column column_width_percent=&#8221;100&#8243; align_horizontal=&#8221;align_center&#8221; gutter_size=&#8221;3&#8243; overlay_alpha=&#8221;100&#8243; shift_x=&#8221;0&#8243; shift_y=&#8221;0&#8243; z_index=&#8221;0&#8243; medium_width=&#8221;0&#8243; zoom_width=&#8221;0&#8243; zoom_height=&#8221;0&#8243; width=&#8221;1\/1&#8243;][vc_custom_heading text_font=&#8221;font-762333&#8243; text_size=&#8221;h3&#8243; text_weight=&#8221;800&#8243; text_transform=&#8221;uppercase&#8221; text_space=&#8221;fontspace-781688&#8243;]Per a qui ho fem[\/vc_custom_heading][vc_gallery el_id=&#8221;gallery-85457&#8243; type=&#8221;carousel&#8221; medias=&#8221;88036,88034,88035,88033,88032,88031,88029,88030&#8243; carousel_lg=&#8221;7&#8243; carousel_md=&#8221;5&#8243; carousel_sm=&#8221;3&#8243; gutter_size=&#8221;5&#8243; media_items=&#8221;media|nolink|original,icon&#8221; carousel_interval=&#8221;3000&#8243; carousel_navspeed=&#8221;1000&#8243; carousel_loop=&#8221;yes&#8221; stage_padding=&#8221;0&#8243; single_overlay_opacity=&#8221;50&#8243; single_overlay_anim=&#8221;no&#8221; single_text_anim=&#8221;no&#8221; single_image_anim=&#8221;no&#8221; single_padding=&#8221;4&#8243; single_border=&#8221;yes&#8221; title=&#8221;Clients&#8221;][\/vc_column][\/vc_row]<\/p>\n<\/div>","protected":false},"excerpt":{"rendered":"<p>[vc_row unlock_row_content=&#8221;yes&#8221; row_height_percent=&#8221;73&#8243; override_padding=&#8221;yes&#8221; h_padding=&#8221;0&#8243; top_padding=&#8221;0&#8243; bottom_padding=&#8221;0&#8243; overlay_alpha=&#8221;50&#8243; equal_height=&#8221;yes&#8221; gutter_size=&#8221;0&#8243; column_width_percent=&#8221;100&#8243; shift_y=&#8221;0&#8243; z_index=&#8221;0&#8243;][vc_column column_width_percent=&#8221;100&#8243; position_vertical=&#8221;middle&#8221; gutter_size=&#8221;3&#8243; override_padding=&#8221;yes&#8221; column_padding=&#8221;4&#8243; overlay_alpha=&#8221;50&#8243; shift_x=&#8221;0&#8243; [&hellip;]<\/p>\n","protected":false},"author":1,"featured_media":88884,"parent":0,"menu_order":0,"comment_status":"closed","ping_status":"closed","template":"","meta":{"footnotes":""},"class_list":["post-89027","page","type-page","status-publish","has-post-thumbnail","hentry"],"yoast_head":"<!-- This site is optimized with the Yoast SEO plugin v27.3 - https:\/\/yoast.com\/product\/yoast-seo-wordpress\/ -->\n<title>Nosaltres - Daristoteles<\/title>\n<meta name=\"robots\" content=\"index, follow, max-snippet:-1, max-image-preview:large, max-video-preview:-1\" \/>\n<link rel=\"canonical\" href=\"https:\/\/daristoteles.com\/ca\/nosaltres\/\" \/>\n<meta property=\"og:locale\" content=\"ca_ES\" \/>\n<meta property=\"og:type\" content=\"article\" \/>\n<meta property=\"og:title\" content=\"Nosaltres - Daristoteles\" \/>\n<meta property=\"og:description\" content=\"[vc_row unlock_row_content=&#8221;yes&#8221; row_height_percent=&#8221;73&#8243; override_padding=&#8221;yes&#8221; h_padding=&#8221;0&#8243; top_padding=&#8221;0&#8243; bottom_padding=&#8221;0&#8243; overlay_alpha=&#8221;50&#8243; equal_height=&#8221;yes&#8221; gutter_size=&#8221;0&#8243; column_width_percent=&#8221;100&#8243; shift_y=&#8221;0&#8243; z_index=&#8221;0&#8243;][vc_column column_width_percent=&#8221;100&#8243; position_vertical=&#8221;middle&#8221; gutter_size=&#8221;3&#8243; override_padding=&#8221;yes&#8221; column_padding=&#8221;4&#8243; overlay_alpha=&#8221;50&#8243; shift_x=&#8221;0&#8243; [&hellip;]\" \/>\n<meta property=\"og:url\" content=\"https:\/\/daristoteles.com\/ca\/nosaltres\/\" \/>\n<meta property=\"og:site_name\" content=\"Daristoteles\" \/>\n<meta property=\"article:modified_time\" content=\"2021-02-03T12:24:24+00:00\" \/>\n<meta property=\"og:image\" content=\"https:\/\/daristoteles.com\/wp-content\/uploads\/2020\/11\/daristoteles-spots.jpg\" \/>\n\t<meta property=\"og:image:width\" content=\"2000\" \/>\n\t<meta property=\"og:image:height\" content=\"1621\" \/>\n\t<meta property=\"og:image:type\" content=\"image\/jpeg\" \/>\n<meta name=\"twitter:card\" content=\"summary_large_image\" \/>\n<meta name=\"twitter:label1\" content=\"Temps estimat de lectura\" \/>\n\t<meta name=\"twitter:data1\" content=\"2 minuts\" \/>\n<script type=\"application\/ld+json\" class=\"yoast-schema-graph\">{\"@context\":\"https:\\\/\\\/schema.org\",\"@graph\":[{\"@type\":\"WebPage\",\"@id\":\"https:\\\/\\\/daristoteles.com\\\/ca\\\/nosaltres\\\/\",\"url\":\"https:\\\/\\\/daristoteles.com\\\/ca\\\/nosaltres\\\/\",\"name\":\"Nosaltres - Daristoteles\",\"isPartOf\":{\"@id\":\"https:\\\/\\\/daristoteles.com\\\/ca\\\/#website\"},\"primaryImageOfPage\":{\"@id\":\"https:\\\/\\\/daristoteles.com\\\/ca\\\/nosaltres\\\/#primaryimage\"},\"image\":{\"@id\":\"https:\\\/\\\/daristoteles.com\\\/ca\\\/nosaltres\\\/#primaryimage\"},\"thumbnailUrl\":\"https:\\\/\\\/daristoteles.com\\\/wp-content\\\/uploads\\\/2020\\\/11\\\/daristoteles-spots.jpg\",\"datePublished\":\"2021-01-08T11:53:36+00:00\",\"dateModified\":\"2021-02-03T12:24:24+00:00\",\"breadcrumb\":{\"@id\":\"https:\\\/\\\/daristoteles.com\\\/ca\\\/nosaltres\\\/#breadcrumb\"},\"inLanguage\":\"ca\",\"potentialAction\":[{\"@type\":\"ReadAction\",\"target\":[\"https:\\\/\\\/daristoteles.com\\\/ca\\\/nosaltres\\\/\"]}]},{\"@type\":\"ImageObject\",\"inLanguage\":\"ca\",\"@id\":\"https:\\\/\\\/daristoteles.com\\\/ca\\\/nosaltres\\\/#primaryimage\",\"url\":\"https:\\\/\\\/daristoteles.com\\\/wp-content\\\/uploads\\\/2020\\\/11\\\/daristoteles-spots.jpg\",\"contentUrl\":\"https:\\\/\\\/daristoteles.com\\\/wp-content\\\/uploads\\\/2020\\\/11\\\/daristoteles-spots.jpg\",\"width\":2000,\"height\":1621},{\"@type\":\"BreadcrumbList\",\"@id\":\"https:\\\/\\\/daristoteles.com\\\/ca\\\/nosaltres\\\/#breadcrumb\",\"itemListElement\":[{\"@type\":\"ListItem\",\"position\":1,\"name\":\"Portada\",\"item\":\"https:\\\/\\\/daristoteles.com\\\/ca\\\/\"},{\"@type\":\"ListItem\",\"position\":2,\"name\":\"Nosaltres\"}]},{\"@type\":\"WebSite\",\"@id\":\"https:\\\/\\\/daristoteles.com\\\/ca\\\/#website\",\"url\":\"https:\\\/\\\/daristoteles.com\\\/ca\\\/\",\"name\":\"Daristoteles\",\"description\":\"Creative Films\",\"potentialAction\":[{\"@type\":\"SearchAction\",\"target\":{\"@type\":\"EntryPoint\",\"urlTemplate\":\"https:\\\/\\\/daristoteles.com\\\/ca\\\/?s={search_term_string}\"},\"query-input\":{\"@type\":\"PropertyValueSpecification\",\"valueRequired\":true,\"valueName\":\"search_term_string\"}}],\"inLanguage\":\"ca\"}]}<\/script>\n<!-- \/ Yoast SEO plugin. -->","yoast_head_json":{"title":"Nosaltres - Daristoteles","robots":{"index":"index","follow":"follow","max-snippet":"max-snippet:-1","max-image-preview":"max-image-preview:large","max-video-preview":"max-video-preview:-1"},"canonical":"https:\/\/daristoteles.com\/ca\/nosaltres\/","og_locale":"ca_ES","og_type":"article","og_title":"Nosaltres - Daristoteles","og_description":"[vc_row unlock_row_content=&#8221;yes&#8221; row_height_percent=&#8221;73&#8243; override_padding=&#8221;yes&#8221; h_padding=&#8221;0&#8243; top_padding=&#8221;0&#8243; bottom_padding=&#8221;0&#8243; overlay_alpha=&#8221;50&#8243; equal_height=&#8221;yes&#8221; gutter_size=&#8221;0&#8243; column_width_percent=&#8221;100&#8243; shift_y=&#8221;0&#8243; z_index=&#8221;0&#8243;][vc_column column_width_percent=&#8221;100&#8243; position_vertical=&#8221;middle&#8221; gutter_size=&#8221;3&#8243; override_padding=&#8221;yes&#8221; column_padding=&#8221;4&#8243; overlay_alpha=&#8221;50&#8243; shift_x=&#8221;0&#8243; [&hellip;]","og_url":"https:\/\/daristoteles.com\/ca\/nosaltres\/","og_site_name":"Daristoteles","article_modified_time":"2021-02-03T12:24:24+00:00","og_image":[{"width":2000,"height":1621,"url":"https:\/\/daristoteles.com\/wp-content\/uploads\/2020\/11\/daristoteles-spots.jpg","type":"image\/jpeg"}],"twitter_card":"summary_large_image","twitter_misc":{"Temps estimat de lectura":"2 minuts"},"schema":{"@context":"https:\/\/schema.org","@graph":[{"@type":"WebPage","@id":"https:\/\/daristoteles.com\/ca\/nosaltres\/","url":"https:\/\/daristoteles.com\/ca\/nosaltres\/","name":"Nosaltres - Daristoteles","isPartOf":{"@id":"https:\/\/daristoteles.com\/ca\/#website"},"primaryImageOfPage":{"@id":"https:\/\/daristoteles.com\/ca\/nosaltres\/#primaryimage"},"image":{"@id":"https:\/\/daristoteles.com\/ca\/nosaltres\/#primaryimage"},"thumbnailUrl":"https:\/\/daristoteles.com\/wp-content\/uploads\/2020\/11\/daristoteles-spots.jpg","datePublished":"2021-01-08T11:53:36+00:00","dateModified":"2021-02-03T12:24:24+00:00","breadcrumb":{"@id":"https:\/\/daristoteles.com\/ca\/nosaltres\/#breadcrumb"},"inLanguage":"ca","potentialAction":[{"@type":"ReadAction","target":["https:\/\/daristoteles.com\/ca\/nosaltres\/"]}]},{"@type":"ImageObject","inLanguage":"ca","@id":"https:\/\/daristoteles.com\/ca\/nosaltres\/#primaryimage","url":"https:\/\/daristoteles.com\/wp-content\/uploads\/2020\/11\/daristoteles-spots.jpg","contentUrl":"https:\/\/daristoteles.com\/wp-content\/uploads\/2020\/11\/daristoteles-spots.jpg","width":2000,"height":1621},{"@type":"BreadcrumbList","@id":"https:\/\/daristoteles.com\/ca\/nosaltres\/#breadcrumb","itemListElement":[{"@type":"ListItem","position":1,"name":"Portada","item":"https:\/\/daristoteles.com\/ca\/"},{"@type":"ListItem","position":2,"name":"Nosaltres"}]},{"@type":"WebSite","@id":"https:\/\/daristoteles.com\/ca\/#website","url":"https:\/\/daristoteles.com\/ca\/","name":"Daristoteles","description":"Creative Films","potentialAction":[{"@type":"SearchAction","target":{"@type":"EntryPoint","urlTemplate":"https:\/\/daristoteles.com\/ca\/?s={search_term_string}"},"query-input":{"@type":"PropertyValueSpecification","valueRequired":true,"valueName":"search_term_string"}}],"inLanguage":"ca"}]}},"_links":{"self":[{"href":"https:\/\/daristoteles.com\/ca\/wp-json\/wp\/v2\/pages\/89027","targetHints":{"allow":["GET"]}}],"collection":[{"href":"https:\/\/daristoteles.com\/ca\/wp-json\/wp\/v2\/pages"}],"about":[{"href":"https:\/\/daristoteles.com\/ca\/wp-json\/wp\/v2\/types\/page"}],"author":[{"embeddable":true,"href":"https:\/\/daristoteles.com\/ca\/wp-json\/wp\/v2\/users\/1"}],"replies":[{"embeddable":true,"href":"https:\/\/daristoteles.com\/ca\/wp-json\/wp\/v2\/comments?post=89027"}],"version-history":[{"count":5,"href":"https:\/\/daristoteles.com\/ca\/wp-json\/wp\/v2\/pages\/89027\/revisions"}],"predecessor-version":[{"id":89375,"href":"https:\/\/daristoteles.com\/ca\/wp-json\/wp\/v2\/pages\/89027\/revisions\/89375"}],"wp:featuredmedia":[{"embeddable":true,"href":"https:\/\/daristoteles.com\/ca\/wp-json\/wp\/v2\/media\/88884"}],"wp:attachment":[{"href":"https:\/\/daristoteles.com\/ca\/wp-json\/wp\/v2\/media?parent=89027"}],"curies":[{"name":"wp","href":"https:\/\/api.w.org\/{rel}","templated":true}]}}